{"id":1892,"date":"2018-10-11T09:08:43","date_gmt":"2018-10-11T08:08:43","guid":{"rendered":"https:\/\/www.active-talents.com\/course-calendar\/"},"modified":"2025-12-15T19:17:05","modified_gmt":"2025-12-15T18:17:05","slug":"course-calendar","status":"publish","type":"page","link":"https:\/\/www.active-talents.com\/en\/course-calendar\/","title":{"rendered":"Our courses"},"content":{"rendered":"<p><div class=\"fusion-fullwidth fullwidth-box fusion-builder-row-1 nonhundred-percent-fullwidth non-hundred-percent-height-scrolling\" style=\"--awb-border-radius-top-left:0px;--awb-border-radius-top-right:0px;--awb-border-radius-bottom-right:0px;--awb-border-radius-bottom-left:0px;--awb-flex-wrap:wrap;\" ><div class=\"fusion-builder-row fusion-row\"><div class=\"fusion-layout-column fusion_builder_column fusion-builder-column-0 fusion_builder_column_1_1 1_1 fusion-one-full fusion-column-first fusion-column-last\" style=\"--awb-bg-size:cover;\"><div class=\"fusion-column-wrapper fusion-column-has-shadow fusion-flex-column-wrapper-legacy\"><div class=\"fusion-builder-row fusion-builder-row-inner fusion-row\"><div class=\"fusion-layout-column fusion_builder_column_inner fusion-builder-nested-column-0 fusion_builder_column_inner_1_4 1_4 fusion-one-fourth fusion-column-first\" style=\"--awb-bg-size:cover;width:25%;width:calc(25% - ( ( 4% + 4% ) * 0.25 ) );margin-right: 4%;\"><div class=\"fusion-column-wrapper fusion-column-has-shadow fusion-flex-column-wrapper-legacy\"><div class=\"fusion-clearfix\"><\/div><\/div><\/div><div class=\"fusion-layout-column fusion_builder_column_inner fusion-builder-nested-column-1 fusion_builder_column_inner_1_2 1_2 fusion-one-half\" style=\"--awb-bg-size:cover;width:50%;width:calc(50% - ( ( 4% + 4% ) * 0.5 ) );margin-right: 4%;\"><div class=\"fusion-column-wrapper fusion-column-has-shadow fusion-flex-column-wrapper-legacy\"><div class=\"fusion-aligncenter\"><a class=\"fusion-button button-flat fusion-button-default-size button-default fusion-button-default button-1 fusion-button-default-span fusion-button-default-type\" target=\"_blank\" rel=\"noopener noreferrer\" href=\"https:\/\/www.active-talents.com\/documents\/liste-formations-1-1-2026-active-talents.pdf\"><span class=\"fusion-button-text awb-button__text awb-button__text--default\">Download the full list of courses<\/span><\/a><\/div><div class=\"fusion-sep-clear\"><\/div><div class=\"fusion-separator fusion-full-width-sep\" style=\"margin-left: auto;margin-right: auto;margin-bottom:10px;width:100%;\"><\/div><div class=\"fusion-sep-clear\"><\/div><div class=\"fusion-aligncenter\"><a class=\"fusion-button button-flat fusion-button-default-size button-default fusion-button-default button-2 fusion-button-default-span fusion-button-default-type\" target=\"_blank\" rel=\"noopener noreferrer\" href=\"https:\/\/www.active-talents.com\/documents\/calendrier-formations-interentreprises-active-talents-2026.pdf\"><span class=\"fusion-button-text awb-button__text awb-button__text--default\">Download the 2026 course calendar<\/span><\/a><\/div><div class=\"fusion-clearfix\"><\/div><\/div><\/div><div class=\"fusion-layout-column fusion_builder_column_inner fusion-builder-nested-column-2 fusion_builder_column_inner_1_4 1_4 fusion-one-fourth fusion-column-last\" style=\"--awb-bg-size:cover;width:25%;width:calc(25% - ( ( 4% + 4% ) * 0.25 ) );\"><div class=\"fusion-column-wrapper fusion-column-has-shadow fusion-flex-column-wrapper-legacy\"><div class=\"fusion-clearfix\"><\/div><\/div><\/div><\/div><div class=\"fusion-text fusion-text-1\" style=\"--awb-text-transform:none;\"><p style=\"text-align: center;\">Can&#8217;t find dates that match your wishes? <a href=\"&#109;&#x61;i&#108;&#x74;o&#x3a;&#x63;&#111;&#x6e;t&#97;&#x63;t&#64;&#x61;&#99;&#x74;i&#118;&#x65;-&#116;&#x61;&#108;&#x65;&#x6e;&#116;&#x73;&#46;&#99;&#x6f;m\">Contact us!<\/a><\/p>\n<\/div><div class=\"fusion-sep-clear\"><\/div><div class=\"fusion-separator fusion-full-width-sep\" style=\"margin-left: auto;margin-right: auto;margin-bottom:30px;width:100%;\"><div class=\"fusion-separator-border sep-single sep-solid\" style=\"--awb-height:20px;--awb-amount:20px;border-color:#e0dede;border-top-width:1px;\"><\/div><\/div><div class=\"fusion-sep-clear\"><\/div><div class=\"fusion-text fusion-text-2\"><p>The English version of the detailed programs will be available upon request. Please contact us <a href=\"&#x6d;&#97;&#x69;&#x6c;&#116;&#x6f;&#58;c&#x6f;&#110;t&#x61;&#99;t&#x40;&#97;c&#x74;&#105;&#x76;&#x65;&#45;&#x74;&#x61;&#108;&#x65;&#110;t&#x73;&#46;c&#x6f;&#109;\">&#99;&#x6f;&#110;&#x74;&#97;&#x63;&#116;&#x40;&#97;&#x63;&#116;&#x69;&#118;&#x65;&#45;&#x74;&#97;&#x6c;&#101;&#x6e;&#116;&#x73;&#46;&#x63;&#111;&#x6d;<\/a><\/p>\n<\/div><div class=\"fusion-title title fusion-title-1 fusion-sep-none fusion-title-text fusion-title-size-two\" style=\"--awb-margin-top-small:0px;--awb-margin-right-small:0px;--awb-margin-bottom-small:20px;--awb-margin-left-small:0px;--awb-font-size:36px;\"><h2 class=\"fusion-title-heading title-heading-left fusion-responsive-typography-calculated\" style=\"margin:0;font-size:1em;--fontSize:36;line-height:1.3;\">Management and Leadership<\/h2><\/div><div class=\"fusion-text fusion-text-3\"><ul class=\"formations-interentreprises management_et_leadership\"><li><a href=\"https:\/\/www.active-talents.com\/wp-content\/uploads\/2025\/12\/formation-entretiens-individuels-et-de-parcours-professionnels-active-talents-2026.pdf\" target=\"_blank\"><div class=\"icon\"><i aria-hidden=\"true\" class=\"fontawesome-icon fa-file-pdf fas circle-no\"><\/i><\/div><h3 class=\"formations-interentreprises__title\">Managing performance revue and -French professional interviews-<\/h3><\/a><li><li><a href=\"https:\/\/www.active-talents.com\/wp-content\/uploads\/2025\/12\/formation-du-management-au-leadership-active-talents-2026.pdf\" target=\"_blank\"><div class=\"icon\"><i aria-hidden=\"true\" class=\"fontawesome-icon fa-file-pdf fas circle-no\"><\/i><\/div><h3 class=\"formations-interentreprises__title\">From management to leadership<\/h3><\/a><li><li><a href=\"https:\/\/www.active-talents.com\/wp-content\/uploads\/2025\/12\/formation-manager-une-equipe-active-talents-2026.pdf\" target=\"_blank\"><div class=\"icon\"><i aria-hidden=\"true\" class=\"fontawesome-icon fa-file-pdf fas circle-no\"><\/i><\/div><h3 class=\"formations-interentreprises__title\">Managing a team<\/h3><\/a><li><li><a href=\"https:\/\/www.active-talents.com\/wp-content\/uploads\/2025\/12\/formation-manager-ses-equipes-a-distance-active-talents-2026.pdf\" target=\"_blank\"><div class=\"icon\"><i aria-hidden=\"true\" class=\"fontawesome-icon fa-file-pdf fas circle-no\"><\/i><\/div><h3 class=\"formations-interentreprises__title\"> Manage your team remotly<\/h3><\/a><li><li><a href=\"https:\/\/www.active-talents.com\/wp-content\/uploads\/2025\/12\/formation-manager-des-managers-active-talents-2026.pdf\" target=\"_blank\"><div class=\"icon\"><i aria-hidden=\"true\" class=\"fontawesome-icon fa-file-pdf fas circle-no\"><\/i><\/div><h3 class=\"formations-interentreprises__title\">Manager des managers<\/h3><\/a><li><li><a href=\"https:\/\/www.active-talents.com\/wp-content\/uploads\/2025\/12\/formation-prise-de-poste-active-talents-2026.pdf\" target=\"_blank\"><div class=\"icon\"><i aria-hidden=\"true\" class=\"fontawesome-icon fa-file-pdf fas circle-no\"><\/i><\/div><h3 class=\"formations-interentreprises__title\">New manager training<\/h3><\/a><li><li><a href=\"https:\/\/www.active-talents.com\/wp-content\/uploads\/2025\/12\/formation-animer-dynamiser-ses-reunions-managers-active-talents-2026.pdf\" target=\"_blank\"><div class=\"icon\"><i aria-hidden=\"true\" class=\"fontawesome-icon fa-file-pdf fas circle-no\"><\/i><\/div><h3 class=\"formations-interentreprises__title\">Effective Meetings<\/h3><\/a><li><li><a href=\"https:\/\/www.active-talents.com\/wp-content\/uploads\/2025\/12\/formation-manager-lintergenerationnel-active-talents-2026.pdf\" target=\"_blank\"><div class=\"icon\"><i aria-hidden=\"true\" class=\"fontawesome-icon fa-file-pdf fas circle-no\"><\/i><\/div><h3 class=\"formations-interentreprises__title\">Intergenerational management<\/h3><\/a><li><li><a href=\"https:\/\/www.active-talents.com\/wp-content\/uploads\/2025\/12\/formation-developper-le-bien-etre-au-travail-active-talents-2026.pdf\" target=\"_blank\"><div class=\"icon\"><i aria-hidden=\"true\" class=\"fontawesome-icon fa-file-pdf fas circle-no\"><\/i><\/div><h3 class=\"formations-interentreprises__title\">Improve wellbeing in the workplace<\/h3><\/a><li><li><a href=\"https:\/\/www.active-talents.com\/wp-content\/uploads\/2025\/12\/formation-prevenir-gerer-les-conflits-managers-active-talents-2026.pdf\" target=\"_blank\"><div class=\"icon\"><i aria-hidden=\"true\" class=\"fontawesome-icon fa-file-pdf fas circle-no\"><\/i><\/div><h3 class=\"formations-interentreprises__title\">Conflict prevention and management<\/h3><\/a><li><li><a href=\"https:\/\/www.active-talents.com\/wp-content\/uploads\/2025\/12\/formation-intelligence-emotionnelle-et-leadership-active-talents-2026-2.pdf\" target=\"_blank\"><div class=\"icon\"><i aria-hidden=\"true\" class=\"fontawesome-icon fa-file-pdf fas circle-no\"><\/i><\/div><h3 class=\"formations-interentreprises__title\">Emotional intelligence and leadership<\/h3><\/a><li><\/ul>\n<\/div><div class=\"fusion-title title fusion-title-2 fusion-sep-none fusion-title-text fusion-title-size-two\" style=\"--awb-margin-top-small:0px;--awb-margin-right-small:0px;--awb-margin-bottom-small:20px;--awb-margin-left-small:0px;--awb-font-size:36px;\"><h2 class=\"fusion-title-heading title-heading-left fusion-responsive-typography-calculated\" style=\"margin:0;font-size:1em;--fontSize:36;line-height:1.3;\">Efficiency in the work place<\/h2><\/div><div class=\"fusion-text fusion-text-4\"><ul class=\"formations-interentreprises efficacite_professionnelle\"><li><a href=\"https:\/\/www.active-talents.com\/wp-content\/uploads\/2025\/12\/formation-preparer-sa-retraite-active-talents-2026.pdf\" target=\"_blank\"><div class=\"icon\"><i aria-hidden=\"true\" class=\"fontawesome-icon fa-file-pdf fas circle-no\"><\/i><\/div><h3 class=\"formations-interentreprises__title\">Getting ready for retirement<\/h3><\/a><li><li><a href=\"https:\/\/www.active-talents.com\/wp-content\/uploads\/2025\/12\/formation-stress-et-serenite-active-talents-2026.pdf\" target=\"_blank\"><div class=\"icon\"><i aria-hidden=\"true\" class=\"fontawesome-icon fa-file-pdf fas circle-no\"><\/i><\/div><h3 class=\"formations-interentreprises__title\">Preventing and managing conflicts<\/h3><\/a><li><li><a href=\"https:\/\/www.active-talents.com\/wp-content\/uploads\/2025\/12\/formation-aisance-a-loral-active-talents-2026.pdf\" target=\"_blank\"><div class=\"icon\"><i aria-hidden=\"true\" class=\"fontawesome-icon fa-file-pdf fas circle-no\"><\/i><\/div><h3 class=\"formations-interentreprises__title\">Public speaking<\/h3><\/a><li><li><a href=\"https:\/\/www.active-talents.com\/wp-content\/uploads\/2025\/12\/formation-assistant-e-de-direction-active-talents-2026.pdf\" target=\"_blank\"><div class=\"icon\"><i aria-hidden=\"true\" class=\"fontawesome-icon fa-file-pdf fas circle-no\"><\/i><\/div><h3 class=\"formations-interentreprises__title\">Optimize the relationship between the Assistant and his\/her Management<\/h3><\/a><li><li><a href=\"https:\/\/www.active-talents.com\/wp-content\/uploads\/2025\/12\/formation-connaissance-de-soi-communication-active-talents-2026.pdf\" target=\"_blank\"><div class=\"icon\"><i aria-hidden=\"true\" class=\"fontawesome-icon fa-file-pdf fas circle-no\"><\/i><\/div><h3 class=\"formations-interentreprises__title\">Personal development and communication<\/h3><\/a><li><li><a href=\"https:\/\/www.active-talents.com\/wp-content\/uploads\/2025\/12\/formation-de-formateurs-active-talents-2026.pdf\" target=\"_blank\"><div class=\"icon\"><i aria-hidden=\"true\" class=\"fontawesome-icon fa-file-pdf fas circle-no\"><\/i><\/div><h3 class=\"formations-interentreprises__title\">Train the trainers<\/h3><\/a><li><li><a href=\"https:\/\/www.active-talents.com\/wp-content\/uploads\/2025\/12\/formation-ecrits-professionnels-active-talents-2026.pdf\" target=\"_blank\"><div class=\"icon\"><i aria-hidden=\"true\" class=\"fontawesome-icon fa-file-pdf fas circle-no\"><\/i><\/div><h3 class=\"formations-interentreprises__title\">Professional writing<\/h3><\/a><li><li><a href=\"https:\/\/www.active-talents.com\/wp-content\/uploads\/2025\/12\/formation-mind-mapping-active-talents-2026.pdf\" target=\"_blank\"><div class=\"icon\"><i aria-hidden=\"true\" class=\"fontawesome-icon fa-file-pdf fas circle-no\"><\/i><\/div><h3 class=\"formations-interentreprises__title\">Mind Mapping<\/h3><\/a><li><li><a href=\"https:\/\/www.active-talents.com\/wp-content\/uploads\/2025\/12\/formation-organisation-et-gestion-des-priorites-active-talents-2026.pdf\" target=\"_blank\"><div class=\"icon\"><i aria-hidden=\"true\" class=\"fontawesome-icon fa-file-pdf fas circle-no\"><\/i><\/div><h3 class=\"formations-interentreprises__title\">Organisational skills and managing priorities<\/h3><\/a><li><li><a href=\"https:\/\/www.active-talents.com\/wp-content\/uploads\/2025\/12\/formation-prevenir-gerer-les-conflits-managers-coll-active-talents-2026.pdf\" target=\"_blank\"><div class=\"icon\"><i aria-hidden=\"true\" class=\"fontawesome-icon fa-file-pdf fas circle-no\"><\/i><\/div><h3 class=\"formations-interentreprises__title\">Stress management<\/h3><\/a><li><li><a href=\"https:\/\/www.active-talents.com\/wp-content\/uploads\/2025\/12\/formation-teletravailler-efficacement-active-talents-2026.pdf\" target=\"_blank\"><div class=\"icon\"><i aria-hidden=\"true\" class=\"fontawesome-icon fa-file-pdf fas circle-no\"><\/i><\/div><h3 class=\"formations-interentreprises__title\">Work remotly<\/h3><\/a><li><li><a href=\"https:\/\/www.active-talents.com\/wp-content\/uploads\/2025\/12\/formation-developper-son-intelligence-emotionnelle-active-talents-2026.pdf\" target=\"_blank\"><div class=\"icon\"><i aria-hidden=\"true\" class=\"fontawesome-icon fa-file-pdf fas circle-no\"><\/i><\/div><h3 class=\"formations-interentreprises__title\">Emotional intelligence training<\/h3><\/a><li><li><a href=\"https:\/\/www.active-talents.com\/wp-content\/uploads\/2025\/12\/formation-developper-son-efficacite-professionnelle-active-talents-2026.pdf\" target=\"_blank\"><div class=\"icon\"><i aria-hidden=\"true\" class=\"fontawesome-icon fa-file-pdf fas circle-no\"><\/i><\/div><h3 class=\"formations-interentreprises__title\">Enhancing Professional Effectiveness<\/h3><\/a><li><li><a href=\"https:\/\/www.active-talents.com\/wp-content\/uploads\/2025\/12\/formation-intelligence-collective-active-talents-2026.pdf\" target=\"_blank\"><div class=\"icon\"><i aria-hidden=\"true\" class=\"fontawesome-icon fa-file-pdf fas circle-no\"><\/i><\/div><h3 class=\"formations-interentreprises__title\">Building Collective Intelligence within a Team<\/h3><\/a><li><li><a href=\"https:\/\/www.active-talents.com\/wp-content\/uploads\/2025\/12\/formation-animer-dynamiser-ses-reunions-coll-active-talents-2026.pdf\" target=\"_blank\"><div class=\"icon\"><i aria-hidden=\"true\" class=\"fontawesome-icon fa-file-pdf fas circle-no\"><\/i><\/div><h3 class=\"formations-interentreprises__title\">Leading Engaging Meetings On-site and Remote<\/h3><\/a><li><\/ul>\n<\/div><div class=\"fusion-title title fusion-title-3 fusion-sep-none fusion-title-text fusion-title-size-two\" style=\"--awb-margin-top-small:0px;--awb-margin-right-small:0px;--awb-margin-bottom-small:20px;--awb-margin-left-small:0px;--awb-font-size:36px;\"><h2 class=\"fusion-title-heading title-heading-left fusion-responsive-typography-calculated\" style=\"margin:0;font-size:1em;--fontSize:36;line-height:1.3;\">Customer relation \/ User experience<\/h2><\/div><div class=\"fusion-text fusion-text-5\"><ul class=\"formations-interentreprises gestion_de_la_relation_client\"><li><a href=\"https:\/\/www.active-talents.com\/wp-content\/uploads\/2025\/12\/formation-gestion-commerciale-relation-experience-client-active-talents-2026.pdf\" target=\"_blank\"><div class=\"icon\"><i aria-hidden=\"true\" class=\"fontawesome-icon fa-file-pdf fas circle-no\"><\/i><\/div><h3 class=\"formations-interentreprises__title\"> Effective Customer relationships<\/h3><\/a><li><li><a href=\"https:\/\/www.active-talents.com\/wp-content\/uploads\/2025\/12\/formation-relation-client-telephone-active-talents-2026.pdf\" target=\"_blank\"><div class=\"icon\"><i aria-hidden=\"true\" class=\"fontawesome-icon fa-file-pdf fas circle-no\"><\/i><\/div><h3 class=\"formations-interentreprises__title\">Effective telephone communication<\/h3><\/a><li><\/ul>\n<\/div><div class=\"fusion-sep-clear\"><\/div><div class=\"fusion-separator fusion-full-width-sep\" style=\"margin-left: auto;margin-right: auto;margin-bottom:30px;width:100%;\"><div class=\"fusion-separator-border sep-single sep-solid\" style=\"--awb-height:20px;--awb-amount:20px;border-color:#e0dede;border-top-width:1px;\"><\/div><\/div><div class=\"fusion-sep-clear\"><\/div><div class=\"fusion-text fusion-text-6\"><p>A course can be handled in Nice upon request (Minimum of 3 participants).<\/p>\n<p>The English version of the detailed programs will be available upon request. Please contact us <a href=\"&#x6d;&#97;&#x69;&#108;t&#x6f;&#58;c&#x6f;&#110;&#x74;&#x61;c&#x74;&#64;a&#x63;&#116;&#x69;&#x76;e&#x2d;&#116;a&#x6c;&#101;n&#x74;&#115;&#x2e;&#99;o&#x6d;\">&#99;&#x6f;&#110;&#x74;&#97;&#x63;&#116;&#x40;a&#x63;t&#x69;v&#x65;-&#116;&#x61;&#108;&#x65;&#110;&#x74;&#115;&#x2e;&#99;&#x6f;m<\/a><\/p>\n<\/div><div class=\"fusion-clearfix\"><\/div><\/div><\/div><\/div><\/div><div class=\"fusion-fullwidth fullwidth-box fusion-builder-row-2 nonhundred-percent-fullwidth non-hundred-percent-height-scrolling fusion-equal-height-columns dev-test\" style=\"--awb-border-radius-top-left:0px;--awb-border-radius-top-right:0px;--awb-border-radius-bottom-right:0px;--awb-border-radius-bottom-left:0px;--awb-flex-wrap:wrap;\" ><div class=\"fusion-builder-row fusion-row\"><div class=\"fusion-layout-column fusion_builder_column fusion-builder-column-1 fusion_builder_column_1_2 1_2 fusion-one-half fusion-column-first\" style=\"--awb-bg-position:center top;--awb-bg-size:cover;width:50%;width:calc(50% - ( ( 4% ) * 0.5 ) );margin-right: 4%;\"><div class=\"fusion-column-wrapper fusion-flex-column-wrapper-legacy\"><div class=\"fusion-image-element in-legacy-container\" style=\"--awb-caption-title-font-family:var(--h2_typography-font-family);--awb-caption-title-font-weight:var(--h2_typography-font-weight);--awb-caption-title-font-style:var(--h2_typography-font-style);--awb-caption-title-size:var(--h2_typography-font-size);--awb-caption-title-transform:var(--h2_typography-text-transform);--awb-caption-title-line-height:var(--h2_typography-line-height);--awb-caption-title-letter-spacing:var(--h2_typography-letter-spacing);\"><span class=\" fusion-imageframe imageframe-none imageframe-1 hover-type-none\"><img decoding=\"async\" width=\"1350\" height=\"900\" src=\"https:\/\/www.active-talents.com\/wp-content\/uploads\/2018\/10\/formations-a-distance.jpg\" alt class=\"img-responsive wp-image-1734\" srcset=\"https:\/\/www.active-talents.com\/wp-content\/uploads\/2018\/10\/formations-a-distance-200x133.jpg 200w, https:\/\/www.active-talents.com\/wp-content\/uploads\/2018\/10\/formations-a-distance-400x267.jpg 400w, https:\/\/www.active-talents.com\/wp-content\/uploads\/2018\/10\/formations-a-distance-600x400.jpg 600w, https:\/\/www.active-talents.com\/wp-content\/uploads\/2018\/10\/formations-a-distance-800x533.jpg 800w, https:\/\/www.active-talents.com\/wp-content\/uploads\/2018\/10\/formations-a-distance-1200x800.jpg 1200w, https:\/\/www.active-talents.com\/wp-content\/uploads\/2018\/10\/formations-a-distance.jpg 1350w\" sizes=\"(max-width: 800px) 100vw, 600px\" \/><\/span><\/div><div class=\"fusion-clearfix\"><\/div><\/div><\/div><div class=\"fusion-layout-column fusion_builder_column fusion-builder-column-2 fusion_builder_column_1_2 1_2 fusion-one-half fusion-column-last\" style=\"--awb-padding-top:10%;--awb-padding-right:30px;--awb-padding-bottom:10%;--awb-padding-left:30px;--awb-bg-size:cover;--awb-margin-bottom:0px;width:50%;width:calc(50% - ( ( 4% ) * 0.5 ) );\"><div class=\"fusion-column-wrapper fusion-flex-column-wrapper-legacy\"><div class=\"fusion-column-content-centered\"><div class=\"fusion-column-content\"><ul style=\"--awb-size:16px;--awb-iconcolor:#03a9f4;--awb-line-height:27.2px;--awb-icon-width:27.2px;--awb-icon-height:27.2px;--awb-icon-margin:11.2px;--awb-content-margin:38.4px;\" class=\"fusion-checklist fusion-checklist-1 fusion-checklist-default type-icons\"><li class=\"fusion-li-item\" style=\"\"><span class=\"icon-wrapper circle-no\"><i class=\"fusion-li-icon fa-file-pdf fas\" aria-hidden=\"true\"><\/i><\/span><div class=\"fusion-li-item-content\"><a href=\"https:\/\/www.active-talents.com\/documents\/liste-formations-au-1er-janvier-2020-active-talents.pdf\" target=\"_blank\" rel=\"noopener noreferrer\">T\u00e9l\u00e9chargez la liste compl\u00e8te des formations<\/a><\/div><\/li><li class=\"fusion-li-item\" style=\"\"><span class=\"icon-wrapper circle-no\"><i class=\"fusion-li-icon fa-file-pdf fas\" aria-hidden=\"true\"><\/i><\/span><div class=\"fusion-li-item-content\"><a href=\"https:\/\/www.active-talents.com\/documents\/calendrier-2020-des-formations-animees-par-active-talents.pdf\" target=\"_blank\" rel=\"noopener noreferrer\">T\u00e9l\u00e9chargez le calendrier 2020 des formations<\/a><\/div><\/li><li class=\"fusion-li-item\" style=\"\"><span class=\"icon-wrapper circle-no\"><i class=\"fusion-li-icon fa-link fas\" aria-hidden=\"true\"><\/i><\/span><div class=\"fusion-li-item-content\"><a href=\"https:\/\/www.active-talents.com\/en\/news-courses\/\">Retrouver nos derni\u00e8res actualit\u00e9s<\/a><\/div><\/li><\/ul><\/div><\/div><div class=\"fusion-clearfix\"><\/div><\/div><\/div><\/div><\/div><\/p>\n","protected":false},"excerpt":{"rendered":"","protected":false},"author":1,"featured_media":0,"parent":0,"menu_order":0,"comment_status":"closed","ping_status":"closed","template":"","meta":{"_acf_changed":false,"_seopress_robots_primary_cat":"","_seopress_titles_title":"","_seopress_titles_desc":"","_seopress_robots_index":"","footnotes":""},"class_list":["post-1892","page","type-page","status-publish","hentry"],"acf":[],"_links":{"self":[{"href":"https:\/\/www.active-talents.com\/en\/wp-json\/wp\/v2\/pages\/1892","targetHints":{"allow":["GET"]}}],"collection":[{"href":"https:\/\/www.active-talents.com\/en\/wp-json\/wp\/v2\/pages"}],"about":[{"href":"https:\/\/www.active-talents.com\/en\/wp-json\/wp\/v2\/types\/page"}],"author":[{"embeddable":true,"href":"https:\/\/www.active-talents.com\/en\/wp-json\/wp\/v2\/users\/1"}],"replies":[{"embeddable":true,"href":"https:\/\/www.active-talents.com\/en\/wp-json\/wp\/v2\/comments?post=1892"}],"version-history":[{"count":5,"href":"https:\/\/www.active-talents.com\/en\/wp-json\/wp\/v2\/pages\/1892\/revisions"}],"predecessor-version":[{"id":7591,"href":"https:\/\/www.active-talents.com\/en\/wp-json\/wp\/v2\/pages\/1892\/revisions\/7591"}],"wp:attachment":[{"href":"https:\/\/www.active-talents.com\/en\/wp-json\/wp\/v2\/media?parent=1892"}],"curies":[{"name":"wp","href":"https:\/\/api.w.org\/{rel}","templated":true}]}}